{"id":48,"date":"2022-11-15T14:01:16","date_gmt":"2022-11-15T14:01:16","guid":{"rendered":"https:\/\/uid-cloud17.segi.ulg.ac.be\/?page_id=48"},"modified":"2022-11-15T14:01:16","modified_gmt":"2022-11-15T14:01:16","slug":"rapport","status":"publish","type":"page","link":"https:\/\/uid-cloud17.segi.ulg.ac.be\/index.php\/rapport\/","title":{"rendered":"Rapport"},"content":{"rendered":"<div class=\"forminator-ui forminator-custom-form forminator-custom-form-27 forminator-design--default  forminator_ajax\" data-forminator-render=\"0\" data-form=\"forminator-module-27\" data-uid=\"6a0501b9b5c59\"><br\/><\/div><form\n\t\t\t\tid=\"forminator-module-27\"\n\t\t\t\tclass=\"forminator-ui forminator-custom-form forminator-custom-form-27 forminator-design--default  forminator_ajax\"\n\t\t\t\tmethod=\"post\"\n\t\t\t\tdata-forminator-render=\"0\"\n\t\t\t\tdata-form-id=\"27\"\n\t\t\t\t\n\t\t\t\tdata-design=\"default\"\n\t\t\t\t\n\t\t\t\t\n\t\t\t\t\n\t\t\t\tdata-grid=\"open\"\n\t\t\t\tenctype=\"multipart\/form-data\"\n\t\t\t\t\n\t\t\t\tstyle=\"display: none;\"\n\t\t\t\t\n\t\t\t\tdata-uid=\"6a0501b9b5c59\"\n\t\t\t><div role=\"alert\" aria-live=\"polite\" class=\"forminator-response-message forminator-error\" aria-hidden=\"true\"><\/div><div class=\"forminator-row\"><div id=\"select-1\" class=\"forminator-col forminator-col-12 \"><div class=\"forminator-field\"><label for=\"forminator-form-27__field--select-1_6a0501b9b5c59\" id=\"forminator-form-27__field--select-1_6a0501b9b5c59-label\" class=\"forminator-label\">Type de document<\/label><select id=\"forminator-form-27__field--select-1_6a0501b9b5c59\" class=\"forminator-select--field forminator-select2\" data-required=\"\" name=\"select-1\" data-default-value=\"\" data-placeholder=\"\" data-search=\"false\" aria-labelledby=\"forminator-form-27__field--select-1_6a0501b9b5c59-label\" aria-describedby=\"forminator-form-27__field--select-1_6a0501b9b5c59-description\"><option value=\"one\"  data-calculation=\"0\">Rapport<\/option><\/select><\/div><\/div><\/div><div class=\"forminator-row\"><div id=\"name-1\" class=\"forminator-col forminator-col-12 \"><div class=\"forminator-field\"><label for=\"forminator-field-name-1_6a0501b9b5c59\" class=\"forminator-label\" id=\"forminator-field-name-1_6a0501b9b5c59-label\">Auteur(s) du rapport (Nom, Pr\u00e9nom)<\/label><input type=\"text\" name=\"name-1\" value=\"\" placeholder=\"\" id=\"forminator-field-name-1_6a0501b9b5c59\" class=\"forminator-input forminator-name--field\" aria-required=\"false\" aria-describedby=\"forminator-field-name-1_6a0501b9b5c59-description\" \/><span id=\"forminator-field-name-1_6a0501b9b5c59-description\" class=\"forminator-description\">si pertinent<\/span><\/div><\/div><\/div><div class=\"forminator-row\"><div id=\"name-7\" class=\"forminator-col forminator-col-12 \"><div class=\"forminator-field\"><label for=\"forminator-field-name-7_6a0501b9b5c59\" class=\"forminator-label\" id=\"forminator-field-name-7_6a0501b9b5c59-label\">Lieu de l\u2019institution pour le compte de laquelle ou \u00e0 destination de laquelle le rapport est \u00e9crit <span class=\"forminator-required\">*<\/span><\/label><input type=\"text\" name=\"name-7\" value=\"\" placeholder=\"\" id=\"forminator-field-name-7_6a0501b9b5c59\" class=\"forminator-input forminator-name--field\" aria-required=\"true\" \/><\/div><\/div><\/div><div class=\"forminator-row\"><div id=\"name-4\" class=\"forminator-col forminator-col-12 \"><div class=\"forminator-field\"><label for=\"forminator-field-name-4_6a0501b9b5c59\" class=\"forminator-label\" id=\"forminator-field-name-4_6a0501b9b5c59-label\">Nom de l&#039;institution <span class=\"forminator-required\">*<\/span><\/label><input type=\"text\" name=\"name-4\" value=\"\" placeholder=\"\" id=\"forminator-field-name-4_6a0501b9b5c59\" class=\"forminator-input forminator-name--field\" aria-required=\"true\" \/><\/div><\/div><\/div><div class=\"forminator-row\"><div id=\"name-6\" class=\"forminator-col forminator-col-12 \"><div class=\"forminator-field\"><label for=\"forminator-field-name-6_6a0501b9b5c59\" class=\"forminator-label\" id=\"forminator-field-name-6_6a0501b9b5c59-label\">Date de publication <span class=\"forminator-required\">*<\/span><\/label><input type=\"text\" name=\"name-6\" value=\"\" placeholder=\"\" id=\"forminator-field-name-6_6a0501b9b5c59\" class=\"forminator-input forminator-name--field\" aria-required=\"true\" \/><\/div><\/div><\/div><div class=\"forminator-row\"><div id=\"select-2\" class=\"forminator-col forminator-col-12 \"><div class=\"forminator-field\"><label for=\"forminator-form-27__field--select-2_6a0501b9b5c59\" id=\"forminator-form-27__field--select-2_6a0501b9b5c59-label\" class=\"forminator-label\">Marqueurs<\/label><div class=\"forminator-multiselect\" aria-labelledby=\"forminator-form-27__field--select-2_6a0501b9b5c59-label\" aria-describedby=\"forminator-form-27__field--select-2_6a0501b9b5c59-description\"><label id=\"forminator-form-27__field--select-2_6a0501b9b5c59-1-label\" for=\"forminator-form-27__field--select-2_6a0501b9b5c59-1\" class=\"forminator-option\"><input type=\"checkbox\" name=\"select-2[]\" value=\"Pensions l\u00e9gales de retraite des salari\u00e9s\" id=\"forminator-form-27__field--select-2_6a0501b9b5c59-1\" aria-labelledby=\"forminator-form-27__field--select-2_6a0501b9b5c59-1-label\" data-calculation=\"0\"   \/>Pensions l\u00e9gales de retraite des salari\u00e9s<\/label><label id=\"forminator-form-27__field--select-2_6a0501b9b5c59-2-label\" for=\"forminator-form-27__field--select-2_6a0501b9b5c59-2\" class=\"forminator-option\"><input type=\"checkbox\" name=\"select-2[]\" value=\"Pensions l\u00e9gales de retraite des ind\u00e9pendants\" id=\"forminator-form-27__field--select-2_6a0501b9b5c59-2\" aria-labelledby=\"forminator-form-27__field--select-2_6a0501b9b5c59-2-label\" data-calculation=\"0\"   \/>Pensions l\u00e9gales de retraite des ind\u00e9pendants<\/label><label id=\"forminator-form-27__field--select-2_6a0501b9b5c59-3-label\" for=\"forminator-form-27__field--select-2_6a0501b9b5c59-3\" class=\"forminator-option\"><input type=\"checkbox\" name=\"select-2[]\" value=\"Pensions l\u00e9gales de retraite des statutaires\" id=\"forminator-form-27__field--select-2_6a0501b9b5c59-3\" aria-labelledby=\"forminator-form-27__field--select-2_6a0501b9b5c59-3-label\" data-calculation=\"0\"   \/>Pensions l\u00e9gales de retraite des statutaires<\/label><label id=\"forminator-form-27__field--select-2_6a0501b9b5c59-4-label\" for=\"forminator-form-27__field--select-2_6a0501b9b5c59-4\" class=\"forminator-option\"><input type=\"checkbox\" name=\"select-2[]\" value=\"Pensions l\u00e9gales de survie des salari\u00e9s\" id=\"forminator-form-27__field--select-2_6a0501b9b5c59-4\" aria-labelledby=\"forminator-form-27__field--select-2_6a0501b9b5c59-4-label\" data-calculation=\"0\"   \/>Pensions l\u00e9gales de survie des salari\u00e9s<\/label><label id=\"forminator-form-27__field--select-2_6a0501b9b5c59-5-label\" for=\"forminator-form-27__field--select-2_6a0501b9b5c59-5\" class=\"forminator-option\"><input type=\"checkbox\" name=\"select-2[]\" value=\"Pensions l\u00e9gales de survie des ind\u00e9pendants\" id=\"forminator-form-27__field--select-2_6a0501b9b5c59-5\" aria-labelledby=\"forminator-form-27__field--select-2_6a0501b9b5c59-5-label\" data-calculation=\"0\"   \/>Pensions l\u00e9gales de survie des ind\u00e9pendants<\/label><label id=\"forminator-form-27__field--select-2_6a0501b9b5c59-6-label\" for=\"forminator-form-27__field--select-2_6a0501b9b5c59-6\" class=\"forminator-option\"><input type=\"checkbox\" name=\"select-2[]\" value=\"Pensions l\u00e9gales de survie des statutaires\" id=\"forminator-form-27__field--select-2_6a0501b9b5c59-6\" aria-labelledby=\"forminator-form-27__field--select-2_6a0501b9b5c59-6-label\" data-calculation=\"0\"   \/>Pensions l\u00e9gales de survie des statutaires<\/label><label id=\"forminator-form-27__field--select-2_6a0501b9b5c59-7-label\" for=\"forminator-form-27__field--select-2_6a0501b9b5c59-7\" class=\"forminator-option\"><input type=\"checkbox\" name=\"select-2[]\" value=\"Pensions l\u00e9gales de r\u00e9gimes sp\u00e9cifiques (ex : marins de la marine marchande, mineurs) (pr\u00e9ciser en note)\" id=\"forminator-form-27__field--select-2_6a0501b9b5c59-7\" aria-labelledby=\"forminator-form-27__field--select-2_6a0501b9b5c59-7-label\" data-calculation=\"0\"   \/>Pensions l\u00e9gales de r\u00e9gimes sp\u00e9cifiques (ex : marins de la marine marchande, mineurs) (pr\u00e9ciser en note)<\/label><label id=\"forminator-form-27__field--select-2_6a0501b9b5c59-8-label\" for=\"forminator-form-27__field--select-2_6a0501b9b5c59-8\" class=\"forminator-option\"><input type=\"checkbox\" name=\"select-2[]\" value=\"Aide sociale \u00e0 destination des personnes \u00e2g\u00e9es\" id=\"forminator-form-27__field--select-2_6a0501b9b5c59-8\" aria-labelledby=\"forminator-form-27__field--select-2_6a0501b9b5c59-8-label\" data-calculation=\"0\"   \/>Aide sociale \u00e0 destination des personnes \u00e2g\u00e9es<\/label><label id=\"forminator-form-27__field--select-2_6a0501b9b5c59-9-label\" for=\"forminator-form-27__field--select-2_6a0501b9b5c59-9\" class=\"forminator-option\"><input type=\"checkbox\" name=\"select-2[]\" value=\"Pensions compl\u00e9mentaires des salari\u00e9s\" id=\"forminator-form-27__field--select-2_6a0501b9b5c59-9\" aria-labelledby=\"forminator-form-27__field--select-2_6a0501b9b5c59-9-label\" data-calculation=\"0\"   \/>Pensions compl\u00e9mentaires des salari\u00e9s<\/label><label id=\"forminator-form-27__field--select-2_6a0501b9b5c59-10-label\" for=\"forminator-form-27__field--select-2_6a0501b9b5c59-10\" class=\"forminator-option\"><input type=\"checkbox\" name=\"select-2[]\" value=\"Pensions compl\u00e9mentaires des ind\u00e9pendants\" id=\"forminator-form-27__field--select-2_6a0501b9b5c59-10\" aria-labelledby=\"forminator-form-27__field--select-2_6a0501b9b5c59-10-label\" data-calculation=\"0\"   \/>Pensions compl\u00e9mentaires des ind\u00e9pendants<\/label><label id=\"forminator-form-27__field--select-2_6a0501b9b5c59-11-label\" for=\"forminator-form-27__field--select-2_6a0501b9b5c59-11\" class=\"forminator-option\"><input type=\"checkbox\" name=\"select-2[]\" value=\"Technique de financement : r\u00e9partition (r\u00e9partition\/capitalisation)\" id=\"forminator-form-27__field--select-2_6a0501b9b5c59-11\" aria-labelledby=\"forminator-form-27__field--select-2_6a0501b9b5c59-11-label\" data-calculation=\"0\"   \/>Technique de financement : r\u00e9partition (r\u00e9partition\/capitalisation)<\/label><label id=\"forminator-form-27__field--select-2_6a0501b9b5c59-12-label\" for=\"forminator-form-27__field--select-2_6a0501b9b5c59-12\" class=\"forminator-option\"><input type=\"checkbox\" name=\"select-2[]\" value=\"Champ des b\u00e9n\u00e9ficiaires (ex : ouvriers\/employ\u00e9s, ind\u00e9pendant \u00e0 titre principal\/\u00e0 titre compl\u00e9mentaire, agents de l\u2019Etat\/des communes, etc.)\" id=\"forminator-form-27__field--select-2_6a0501b9b5c59-12\" aria-labelledby=\"forminator-form-27__field--select-2_6a0501b9b5c59-12-label\" data-calculation=\"0\"   \/>Champ des b\u00e9n\u00e9ficiaires (ex : ouvriers\/employ\u00e9s, ind\u00e9pendant \u00e0 titre principal\/\u00e0 titre compl\u00e9mentaire, agents de l\u2019Etat\/des communes, etc.)<\/label><label id=\"forminator-form-27__field--select-2_6a0501b9b5c59-13-label\" for=\"forminator-form-27__field--select-2_6a0501b9b5c59-13\" class=\"forminator-option\"><input type=\"checkbox\" name=\"select-2[]\" value=\"Conditions d\u2019octroi de la pension (\u00e2ge, carri\u00e8re (dur\u00e9e, mixit\u00e9, etc.), etc.)\" id=\"forminator-form-27__field--select-2_6a0501b9b5c59-13\" aria-labelledby=\"forminator-form-27__field--select-2_6a0501b9b5c59-13-label\" data-calculation=\"0\"   \/>Conditions d\u2019octroi de la pension (\u00e2ge, carri\u00e8re (dur\u00e9e, mixit\u00e9, etc.), etc.)<\/label><label id=\"forminator-form-27__field--select-2_6a0501b9b5c59-14-label\" for=\"forminator-form-27__field--select-2_6a0501b9b5c59-14\" class=\"forminator-option\"><input type=\"checkbox\" name=\"select-2[]\" value=\"Montants\/mode de calcul des montants\" id=\"forminator-form-27__field--select-2_6a0501b9b5c59-14\" aria-labelledby=\"forminator-form-27__field--select-2_6a0501b9b5c59-14-label\" data-calculation=\"0\"   \/>Montants\/mode de calcul des montants<\/label><label id=\"forminator-form-27__field--select-2_6a0501b9b5c59-15-label\" for=\"forminator-form-27__field--select-2_6a0501b9b5c59-15\" class=\"forminator-option\"><input type=\"checkbox\" name=\"select-2[]\" value=\"Modalit\u00e9s de paiement (fr\u00e9quence, cumuls autoris\u00e9s, versements \u00e0 l\u2019\u00e9tranger, etc.)\" id=\"forminator-form-27__field--select-2_6a0501b9b5c59-15\" aria-labelledby=\"forminator-form-27__field--select-2_6a0501b9b5c59-15-label\" data-calculation=\"0\"   \/>Modalit\u00e9s de paiement (fr\u00e9quence, cumuls autoris\u00e9s, versements \u00e0 l\u2019\u00e9tranger, etc.)<\/label><label id=\"forminator-form-27__field--select-2_6a0501b9b5c59-16-label\" for=\"forminator-form-27__field--select-2_6a0501b9b5c59-16\" class=\"forminator-option\"><input type=\"checkbox\" name=\"select-2[]\" value=\"D\u00e9bats politiques\" id=\"forminator-form-27__field--select-2_6a0501b9b5c59-16\" aria-labelledby=\"forminator-form-27__field--select-2_6a0501b9b5c59-16-label\" data-calculation=\"0\"   \/>D\u00e9bats politiques<\/label><label id=\"forminator-form-27__field--select-2_6a0501b9b5c59-17-label\" for=\"forminator-form-27__field--select-2_6a0501b9b5c59-17\" class=\"forminator-option\"><input type=\"checkbox\" name=\"select-2[]\" value=\"Etude technique\/\u00e9conomique\/juridique\" id=\"forminator-form-27__field--select-2_6a0501b9b5c59-17\" aria-labelledby=\"forminator-form-27__field--select-2_6a0501b9b5c59-17-label\" data-calculation=\"0\"   \/>Etude technique\/\u00e9conomique\/juridique<\/label><label id=\"forminator-form-27__field--select-2_6a0501b9b5c59-18-label\" for=\"forminator-form-27__field--select-2_6a0501b9b5c59-18\" class=\"forminator-option\"><input type=\"checkbox\" name=\"select-2[]\" value=\"Discussions de nature autre (pr\u00e9ciser en note)\" id=\"forminator-form-27__field--select-2_6a0501b9b5c59-18\" aria-labelledby=\"forminator-form-27__field--select-2_6a0501b9b5c59-18-label\" data-calculation=\"0\"   \/>Discussions de nature autre (pr\u00e9ciser en note)<\/label><label id=\"forminator-form-27__field--select-2_6a0501b9b5c59-19-label\" for=\"forminator-form-27__field--select-2_6a0501b9b5c59-19\" class=\"forminator-option\"><input type=\"checkbox\" name=\"select-2[]\" value=\"L\u00e9gislateur\/gouvernement\" id=\"forminator-form-27__field--select-2_6a0501b9b5c59-19\" aria-labelledby=\"forminator-form-27__field--select-2_6a0501b9b5c59-19-label\" data-calculation=\"0\"   \/>L\u00e9gislateur\/gouvernement<\/label><label id=\"forminator-form-27__field--select-2_6a0501b9b5c59-20-label\" for=\"forminator-form-27__field--select-2_6a0501b9b5c59-20\" class=\"forminator-option\"><input type=\"checkbox\" name=\"select-2[]\" value=\"Administration\" id=\"forminator-form-27__field--select-2_6a0501b9b5c59-20\" aria-labelledby=\"forminator-form-27__field--select-2_6a0501b9b5c59-20-label\" data-calculation=\"0\"   \/>Administration<\/label><label id=\"forminator-form-27__field--select-2_6a0501b9b5c59-21-label\" for=\"forminator-form-27__field--select-2_6a0501b9b5c59-21\" class=\"forminator-option\"><input type=\"checkbox\" name=\"select-2[]\" value=\"Syndicats\" id=\"forminator-form-27__field--select-2_6a0501b9b5c59-21\" aria-labelledby=\"forminator-form-27__field--select-2_6a0501b9b5c59-21-label\" data-calculation=\"0\"   \/>Syndicats<\/label><label id=\"forminator-form-27__field--select-2_6a0501b9b5c59-22-label\" for=\"forminator-form-27__field--select-2_6a0501b9b5c59-22\" class=\"forminator-option\"><input type=\"checkbox\" name=\"select-2[]\" value=\"Patronats\" id=\"forminator-form-27__field--select-2_6a0501b9b5c59-22\" aria-labelledby=\"forminator-form-27__field--select-2_6a0501b9b5c59-22-label\" data-calculation=\"0\"   \/>Patronats<\/label><label id=\"forminator-form-27__field--select-2_6a0501b9b5c59-23-label\" for=\"forminator-form-27__field--select-2_6a0501b9b5c59-23\" class=\"forminator-option\"><input type=\"checkbox\" name=\"select-2[]\" value=\"Organisations internationales\" id=\"forminator-form-27__field--select-2_6a0501b9b5c59-23\" aria-labelledby=\"forminator-form-27__field--select-2_6a0501b9b5c59-23-label\" data-calculation=\"0\"   \/>Organisations internationales<\/label><label id=\"forminator-form-27__field--select-2_6a0501b9b5c59-24-label\" for=\"forminator-form-27__field--select-2_6a0501b9b5c59-24\" class=\"forminator-option\"><input type=\"checkbox\" name=\"select-2[]\" value=\"Juridictions\" id=\"forminator-form-27__field--select-2_6a0501b9b5c59-24\" aria-labelledby=\"forminator-form-27__field--select-2_6a0501b9b5c59-24-label\" data-calculation=\"0\"   \/>Juridictions<\/label><label id=\"forminator-form-27__field--select-2_6a0501b9b5c59-25-label\" for=\"forminator-form-27__field--select-2_6a0501b9b5c59-25\" class=\"forminator-option\"><input type=\"checkbox\" name=\"select-2[]\" value=\"B\u00e9n\u00e9ficiaires et ayants droits\" id=\"forminator-form-27__field--select-2_6a0501b9b5c59-25\" aria-labelledby=\"forminator-form-27__field--select-2_6a0501b9b5c59-25-label\" data-calculation=\"0\"   \/>B\u00e9n\u00e9ficiaires et ayants droits<\/label><input type='hidden' name='select-2-multiselect-default-values' class='multiselect-default-values' value='' \/><\/div><\/div><\/div><\/div><div class=\"forminator-row\"><div id=\"textarea-1\" class=\"forminator-col forminator-col-12 \"><div class=\"forminator-field\"><label for=\"forminator-field-textarea-1_6a0501b9b5c59\" id=\"forminator-field-textarea-1_6a0501b9b5c59-label\" class=\"forminator-label\">Notes<\/label><textarea name=\"textarea-1\" placeholder=\"\" id=\"forminator-field-textarea-1_6a0501b9b5c59\" class=\"forminator-textarea\" rows=\"6\" style=\"min-height:140px;\" ><\/textarea><\/div><\/div><\/div><div class=\"forminator-row\"><div id=\"upload-1\" class=\"forminator-col forminator-col-12 \"><div class=\"forminator-field\"><label for=\"forminator-field-upload-1_6a0501b9b5c59\" class=\"forminator-label\">PDF<\/label><div class=\"forminator-multi-upload \" data-element=\"upload-1_6a0501b9b5c59\" aria-describedby=\"forminator-field-upload-1_6a0501b9b5c59-description\"><input type=\"file\" name=\"upload-1[]\" id=\"forminator-field-upload-1_6a0501b9b5c59\" class=\"forminator-input-file forminator-field-upload-1_6a0501b9b5c59-27\" multiple=\"multiple\" data-method=\"ajax\" data-size=\"1028000000\" data-size-message=\"Maximum file size allowed is 1028 MB. \"><div class=\"forminator-multi-upload-message\" aria-hidden=\"true\"><span class=\"forminator-icon-upload\" aria-hidden=\"true\"><\/span><p>Drag and Drop (or) <a class=\"forminator-upload-file--forminator-field-upload-1_6a0501b9b5c59\" href=\"javascript:void(0)\">Choose Files<\/a><\/p><\/div><\/div><ul class=\"forminator-uploaded-files upload-container-upload-1_6a0501b9b5c59\"><\/ul><\/div><\/div><\/div><div class=\"forminator-row\"><div id=\"captcha-1\" class=\"forminator-col forminator-col-12 \"><div class=\"forminator-g-recaptcha\" data-theme=\"light\"  data-sitekey=\"6Ldl7AsjAAAAAB17PJwamMN231V8Pi2k6t0Cb9AQ\" data-size=\"normal\"><\/div> <\/div><\/div><input type=\"hidden\" name=\"referer_url\" value=\"\" \/><div class=\"forminator-row forminator-row-last\"><div class=\"forminator-col\"><div class=\"forminator-field\"><button class=\"forminator-button forminator-button-submit\">Envoi<\/button><\/div><\/div><\/div><input type=\"hidden\" id=\"forminator_nonce\" name=\"forminator_nonce\" value=\"0a2e77f0f3\" \/><input type=\"hidden\" name=\"_wp_http_referer\" value=\"\/index.php\/wp-json\/wp\/v2\/pages\/48\" \/><input type=\"hidden\" name=\"form_id\" value=\"27\"><input type=\"hidden\" name=\"page_id\" value=\"48\"><input type=\"hidden\" name=\"form_type\" value=\"default\"><input type=\"hidden\" name=\"current_url\" value=\"https:\/\/uid-cloud17.segi.ulg.ac.be\/index.php\/rapport\/\"><input type=\"hidden\" name=\"render_id\" value=\"0\"><input type=\"hidden\" name=\"forminator-multifile-hidden\" class=\"forminator-multifile-hidden\"><input type=\"hidden\" name=\"action\" value=\"forminator_submit_form_custom-forms\"><\/form>\n","protected":false},"excerpt":{"rendered":"","protected":false},"author":1,"featured_media":0,"parent":0,"menu_order":0,"comment_status":"closed","ping_status":"closed","template":"","meta":[],"_links":{"self":[{"href":"https:\/\/uid-cloud17.segi.ulg.ac.be\/index.php\/wp-json\/wp\/v2\/pages\/48"}],"collection":[{"href":"https:\/\/uid-cloud17.segi.ulg.ac.be\/index.php\/wp-json\/wp\/v2\/pages"}],"about":[{"href":"https:\/\/uid-cloud17.segi.ulg.ac.be\/index.php\/wp-json\/wp\/v2\/types\/page"}],"author":[{"embeddable":true,"href":"https:\/\/uid-cloud17.segi.ulg.ac.be\/index.php\/wp-json\/wp\/v2\/users\/1"}],"replies":[{"embeddable":true,"href":"https:\/\/uid-cloud17.segi.ulg.ac.be\/index.php\/wp-json\/wp\/v2\/comments?post=48"}],"version-history":[{"count":1,"href":"https:\/\/uid-cloud17.segi.ulg.ac.be\/index.php\/wp-json\/wp\/v2\/pages\/48\/revisions"}],"predecessor-version":[{"id":49,"href":"https:\/\/uid-cloud17.segi.ulg.ac.be\/index.php\/wp-json\/wp\/v2\/pages\/48\/revisions\/49"}],"wp:attachment":[{"href":"https:\/\/uid-cloud17.segi.ulg.ac.be\/index.php\/wp-json\/wp\/v2\/media?parent=48"}],"curies":[{"name":"wp","href":"https:\/\/api.w.org\/{rel}","templated":true}]}}